{"id":695,"date":"2018-08-17T08:33:23","date_gmt":"2018-08-17T08:33:23","guid":{"rendered":"https:\/\/www.localprom.com\/?page_id=695"},"modified":"2018-09-27T13:46:41","modified_gmt":"2018-09-27T13:46:41","slug":"que-opinan","status":"publish","type":"page","link":"https:\/\/www.localprom.com\/es\/que-opinan\/","title":{"rendered":"\u00bfQue opinan?"},"content":{"rendered":"\t\t<div data-elementor-type=\"wp-post\" data-elementor-id=\"695\" class=\"elementor elementor-695 elementor-bc-flex-widget\">\n\t\t\t\t\t\t<div class=\"elementor-inner\">\n\t\t\t\t<div class=\"elementor-section-wrap\">\n\t\t\t\t\t\t\t\t\t<section class=\"elementor-section elementor-top-section elementor-element elementor-element-246a19d2 elementor-section-stretched elementor-section-height-min-height elementor-section-boxed elementor-section-height-default elementor-section-items-middle\" data-id=\"246a19d2\" data-element_type=\"section\" data-settings=\"{&quot;jet_parallax_layout_list&quot;:[{&quot;jet_parallax_layout_image&quot;:{&quot;url&quot;:&quot;&quot;,&quot;id&quot;:&quot;&quot;},&quot;jet_parallax_layout_speed&quot;:{&quot;unit&quot;:&quot;%&quot;,&quot;size&quot;:50,&quot;sizes&quot;:[]},&quot;jet_parallax_layout_type&quot;:&quot;scroll&quot;,&quot;jet_parallax_layout_z_index&quot;:&quot;&quot;,&quot;jet_parallax_layout_bg_x&quot;:50,&quot;jet_parallax_layout_bg_y&quot;:50,&quot;jet_parallax_layout_bg_size&quot;:&quot;auto&quot;,&quot;jet_parallax_layout_animation_prop&quot;:&quot;transform&quot;,&quot;jet_parallax_layout_on&quot;:[&quot;desktop&quot;,&quot;tablet&quot;],&quot;_id&quot;:&quot;c91b198&quot;,&quot;jet_parallax_layout_image_tablet&quot;:{&quot;url&quot;:&quot;&quot;,&quot;id&quot;:&quot;&quot;},&quot;jet_parallax_layout_image_mobile&quot;:{&quot;url&quot;:&quot;&quot;,&quot;id&quot;:&quot;&quot;},&quot;jet_parallax_layout_direction&quot;:null,&quot;jet_parallax_layout_fx_direction&quot;:null,&quot;jet_parallax_layout_bg_x_tablet&quot;:&quot;&quot;,&quot;jet_parallax_layout_bg_x_mobile&quot;:&quot;&quot;,&quot;jet_parallax_layout_bg_y_tablet&quot;:&quot;&quot;,&quot;jet_parallax_layout_bg_y_mobile&quot;:&quot;&quot;,&quot;jet_parallax_layout_bg_size_tablet&quot;:&quot;&quot;,&quot;jet_parallax_layout_bg_size_mobile&quot;:&quot;&quot;}],&quot;stretch_section&quot;:&quot;section-stretched&quot;}\">\n\t\t\t\t\t\t<div class=\"elementor-container elementor-column-gap-default\">\n\t\t\t\t\t\t\t<div class=\"elementor-row\">\n\t\t\t\t\t<div class=\"elementor-column elementor-col-100 elementor-top-column elementor-element elementor-element-76123bf2\" data-id=\"76123bf2\" data-element_type=\"column\">\n\t\t\t<div class=\"elementor-column-wrap elementor-element-populated\">\n\t\t\t\t\t\t\t<div class=\"elementor-widget-wrap\">\n\t\t\t\t\t\t<div class=\"elementor-element elementor-element-7dba6bab elementor-widget elementor-widget-jet-testimonials\" data-id=\"7dba6bab\" data-element_type=\"widget\" data-settings=\"{&quot;slides_to_show&quot;:&quot;1&quot;}\" data-widget_type=\"jet-testimonials.default\">\n\t\t\t\t<div class=\"elementor-widget-container\">\n\t\t\t<div class=\"elementor-jet-testimonials jet-elements\">\n<div class=\"jet-testimonials\">\n\t<div class=\"jet-testimonials__instance elementor-slick-slider\" data-settings='{\"autoplaySpeed\":7000,\"autoplay\":true,\"infinite\":true,\"adaptiveHeight\":false,\"pauseOnHover\":true,\"speed\":500,\"arrows\":false,\"dots\":true,\"slidesToScroll\":1,\"prevArrow\":\".jet-testimonial__prev-arrow-7dba6bab\",\"nextArrow\":\".jet-testimonial__next-arrow-7dba6bab\",\"rtl\":false}' dir=\"ltr\"><div class=\"jet-testimonials__item\">\n\t<div class=\"jet-testimonials__item-inner\">\n\t\t<div class=\"jet-testimonials__content\"><figure class=\"jet-testimonials__figure\"><img class=\"jet-testimonials__tag-img\" src=\"https:\/\/www.localprom.com\/wp-content\/uploads\/2018\/08\/santboi.jpg\" alt=\"santboi\" loading=\"lazy\"><\/figure><h5 class=\"jet-testimonials__title\">Ayuntamiento de Sant Boi de Llobregat<\/h5><div class=\"jet-testimonials__comment\">\"El Bolet\u00edn de subvenciones es una herramienta muy importante para la b\u00fasqueda de subvenciones a nuestra organizaci\u00f3n, ya que informa de forma \u00e1gil, r\u00e1pida, personalizada y selectiva de las subvenciones tem\u00e1ticas para cada \u00e1rea de gesti\u00f3n. Sin este servicio no habr\u00edamos obtenido m\u00e1s de una subvenci\u00f3n, ya que son tantas y tan diversas las que se convocan desde las diferentes administraciones que es muy dif\u00edcil estar siempre pendiente. Sin lugar a dudas el servicio del \"Bolet\u00edn de Subvenciones\" de LocalProm se merece un 10 \".<\/div><div class=\"jet-testimonials__name\"><span>Enric Rios<\/span><\/div><div class=\"jet-testimonials__position\"><span>T\u00e9cnico de Control de Gesti\u00f3n de Servicios Generales y Educaci\u00f3n<\/span><\/div><\/div>\n\t<\/div>\n<\/div>\n\n<div class=\"jet-testimonials__item\">\n\t<div class=\"jet-testimonials__item-inner\">\n\t\t<div class=\"jet-testimonials__content\"><figure class=\"jet-testimonials__figure\"><img class=\"jet-testimonials__tag-img\" src=\"https:\/\/www.localprom.com\/wp-content\/uploads\/2018\/08\/Ernest_Roses.jpg\" alt=\"Ernest_Roses\" loading=\"lazy\"><\/figure><h5 class=\"jet-testimonials__title\">Ayuntamiento de Roses<\/h5><div class=\"jet-testimonials__comment\">Estamos muy contentos con el bolet\u00edn local de subvenciones de LocalProm, ya que nos permite estar al d\u00eda de las ayudas y subvenciones publicados en los diferentes boletines oficiales, sin perder tiempo y de forma personalizada seg\u00fan las necesidades de cada usuario.<\/div><div class=\"jet-testimonials__name\"><span>Ernest Ruiz<\/span><\/div><div class=\"jet-testimonials__position\"><span>Interventor general<\/span><\/div><\/div>\n\t<\/div>\n<\/div>\n\n<div class=\"jet-testimonials__item\">\n\t<div class=\"jet-testimonials__item-inner\">\n\t\t<div class=\"jet-testimonials__content\"><figure class=\"jet-testimonials__figure\"><img class=\"jet-testimonials__tag-img\" src=\"https:\/\/www.localprom.com\/wp-content\/uploads\/2018\/08\/logo-lleida.jpg\" alt=\"logo lleida\" loading=\"lazy\"><\/figure><h5 class=\"jet-testimonials__title\">Ayuntamiento de Lleida<\/h5><div class=\"jet-testimonials__comment\">El Bolet\u00edn Local de Subvenciones ha estado funcionando de forma eficiente y en el tiempo y forma requeridos por el Ayuntamiento. El servicio ha funcionado en las condiciones mencionadas, desde su inicio sin ning\u00fan tipo de anomal\u00eda, inconveniente o incumplimiento por parte de LocalProm, que siempre ha sido rigurosa en su tarea.<\/div><div class=\"jet-testimonials__name\"><span>Nacho Compans Mateos<\/span><\/div><div class=\"jet-testimonials__position\"><span>Europe Direct - \u00c1rea de Relaciones Institucionales<\/span><\/div><\/div>\n\t<\/div>\n<\/div>\n\n<div class=\"jet-testimonials__item\">\n\t<div class=\"jet-testimonials__item-inner\">\n\t\t<div class=\"jet-testimonials__content\"><figure class=\"jet-testimonials__figure\"><img class=\"jet-testimonials__tag-img\" src=\"https:\/\/www.localprom.com\/wp-content\/uploads\/2018\/08\/sperpetua.jpg\" alt=\"sperpetua\" loading=\"lazy\"><\/figure><h5 class=\"jet-testimonials__title\">Ayuntamiento de Santa Perp\u00e8tua de Mogoda<\/h5><div class=\"jet-testimonials__comment\">Estaba esperando que mi proveedor de informaci\u00f3n de subvenciones me hiciera llegar unas l\u00edneas que necesitaba para la financiaci\u00f3n de un par de proyectos,\ncuando me di cuenta de que se les hab\u00edan escapado ya era tarde, y no pude presentar las solicitudes de las subvenciones a tiempo.\nCuando habl\u00e9 con Enric Sull\u00e0 no me lo pens\u00e9 dos veces y contratamos su servicio.<\/div><div class=\"jet-testimonials__name\"><span>Yolanda Ojeda Losada<\/span><\/div><div class=\"jet-testimonials__position\"><span>T\u00e9cnica Jurista de Secretar\u00eda<\/span><\/div><\/div>\n\t<\/div>\n<\/div>\n\n<\/div>\n<\/div>\n<\/div>\t\t<\/div>\n\t\t\t\t<\/div>\n\t\t\t\t\t\t<\/div>\n\t\t\t\t\t<\/div>\n\t\t<\/div>\n\t\t\t\t\t\t\t\t<\/div>\n\t\t\t\t\t<\/div>\n\t\t<\/section>\n\t\t\t\t\t\t\t\t\t<\/div>\n\t\t\t<\/div>\n\t\t\t\t\t<\/div>\n\t\t","protected":false},"excerpt":{"rendered":"<p>\u00ab,\u00bbnextArrow\u00bb:\u00bb\u00ab}&#8217;> Ayuntamiento de Sant Boi de Llobregat \u00abEl Bolet\u00edn de subvenciones es una herramienta muy importante para la b\u00fasqueda de subvenciones a nuestra organizaci\u00f3n, ya que informa de forma \u00e1gil, r\u00e1pida, personalizada y selectiva de las subvenciones tem\u00e1ticas para cada \u00e1rea de gesti\u00f3n. Sin este servicio no habr\u00edamos obtenido m\u00e1s de una subvenci\u00f3n, ya que &#8230; <a title=\"\u00bfQue opinan?\" class=\"read-more\" href=\"https:\/\/www.localprom.com\/es\/que-opinan\/\">Read more<\/a><\/p>\n","protected":false},"author":1,"featured_media":0,"parent":0,"menu_order":0,"comment_status":"closed","ping_status":"closed","template":"","meta":{"generate_page_header":""},"_links":{"self":[{"href":"https:\/\/www.localprom.com\/es\/wp-json\/wp\/v2\/pages\/695"}],"collection":[{"href":"https:\/\/www.localprom.com\/es\/wp-json\/wp\/v2\/pages"}],"about":[{"href":"https:\/\/www.localprom.com\/es\/wp-json\/wp\/v2\/types\/page"}],"author":[{"embeddable":true,"href":"https:\/\/www.localprom.com\/es\/wp-json\/wp\/v2\/users\/1"}],"replies":[{"embeddable":true,"href":"https:\/\/www.localprom.com\/es\/wp-json\/wp\/v2\/comments?post=695"}],"version-history":[{"count":40,"href":"https:\/\/www.localprom.com\/es\/wp-json\/wp\/v2\/pages\/695\/revisions"}],"predecessor-version":[{"id":1256,"href":"https:\/\/www.localprom.com\/es\/wp-json\/wp\/v2\/pages\/695\/revisions\/1256"}],"wp:attachment":[{"href":"https:\/\/www.localprom.com\/es\/wp-json\/wp\/v2\/media?parent=695"}],"curies":[{"name":"wp","href":"https:\/\/api.w.org\/{rel}","templated":true}]}}